{"id":3305,"date":"2020-11-26T18:00:14","date_gmt":"2020-11-26T21:00:14","guid":{"rendered":"https:\/\/grupolettalseg.com\/2jn\/?page_id=3305"},"modified":"2020-11-26T18:00:14","modified_gmt":"2020-11-26T21:00:14","slug":"como-anunciar-no-site","status":"publish","type":"page","link":"https:\/\/2dejulhonoticias.com.br\/2jn\/como-anunciar-no-site\/","title":{"rendered":"Como Anunciar no Site"},"content":{"rendered":"<div dir=\"ltr\" style=\"text-align: left;\">\n<div style=\"text-align: justify;\">Com objetivo de incentivar o\u00a0 comercio a participar diretamente de nossa parceria, criamos o painel de anuncio gratuito em nosso jornal <strong>2 de Julho Noticias<\/strong> para anunciar em Banner Rotativo Gif Animado gratuitamente por 1 m\u00eas, o qual o qual conecta ao site de Classificados Compare Pre\u00e7os Cama\u00e7ari, assim como RadioWeb e TVWeb. O nosso site tem uma rotatividade de mais de 20.000 visualiza\u00e7\u00f5es m\u00eas.<\/div>\n<div style=\"text-align: justify;\"><\/div>\n<div style=\"text-align: justify;\"><b><i>Como Funciona?\u00a0<\/i><\/b><\/div>\n<\/div>\n<div style=\"text-align: justify;\">Voc\u00ea nos envia um banner de seu neg\u00f3cio em tamanho 300&#215;250 em boa qualidade ou criamos para voc\u00ea por 40,00 nos enviando a Logomarca, Endere\u00e7o, Contato e a Descri\u00e7\u00e3o do Produto\/Negocio<\/div>\n<div dir=\"ltr\" style=\"text-align: left;\">\n<div style=\"text-align: justify;\">Ap\u00f3s a cria\u00e7\u00e3o o banner ser\u00e1 ser\u00e1 inserido no site.<\/div>\n<div style=\"text-align: justify;\"><\/div>\n<div style=\"text-align: justify;\"><b><i>Do Banner:<\/i><\/b><\/div>\n<div style=\"text-align: justify;\"><\/div>\n<ul>\n<li>Tamanho 300x250px (Lado, Rodap\u00e9 e em Noticias)<\/li>\n<li>Tamanho 728x90px (Topo em Todas as P\u00e1ginas) &#8211; Forma paga<\/li>\n<\/ul>\n<div><\/div>\n<div style=\"text-align: justify;\"><b><i>Paga alguma coisa?\u00a0<\/i><\/b><\/div>\n<div style=\"text-align: justify;\"><\/div>\n<ul>\n<li>O Site disponibilizar\u00e1 um m\u00eas de propaganda gratuita e caso queira continuar ter\u00e1 uma taxa mensal de 40,00\/M\u00eas<\/li>\n<li>Sendo que o Banner do topo de 728&#215;90 ter\u00e1 a taxa de 150,00\/M\u00eas<\/li>\n<\/ul>\n<p>&nbsp;<\/p>\n<div style=\"text-align: justify;\"><b><i>Mas a propaganda \u00e9 s\u00f3 Jornal?\u00a0<\/i><\/b><\/div>\n<div style=\"text-align: justify;\"><\/div>\n<ul>\n<li>Da forma gratuita. Sim.<\/li>\n<li>Caso d\u00ea continuidade a propaganda ser\u00e1 vinculado na nossa Radioweb Rel\u00edquias Musicais e em breve no APP Meu Bairro Online (Classificados)<\/li>\n<\/ul>\n<\/div>\n","protected":false},"excerpt":{"rendered":"<p>Com objetivo de incentivar o\u00a0 comercio a participar diretamente de nossa parceria, criamos o painel de anuncio gratuito em nosso jornal 2 de Julho Noticias para anunciar em Banner Rotativo Gif Animado gratuitamente por 1 m\u00eas, o qual o qual conecta ao site de Classificados Compare Pre\u00e7os Cama\u00e7ari, assim como RadioWeb e TVWeb. O nosso site tem uma rotatividade de mais de 20.000 visualiza\u00e7\u00f5es m\u00eas. Como Funciona?\u00a0 Voc\u00ea nos envia um banner de seu neg\u00f3cio em tamanho 300&#215;250 em boa qualidade ou criamos para voc\u00ea por 40,00 nos enviando a Logomarca, Endere\u00e7o, Contato e a Descri\u00e7\u00e3o do Produto\/Negocio Ap\u00f3s a [&hellip;]<\/p>\n","protected":false},"author":1,"featured_media":0,"parent":0,"menu_order":0,"comment_status":"closed","ping_status":"closed","template":"","meta":{"footnotes":""},"class_list":["post-3305","page","type-page","status-publish","hentry"],"yoast_head":"<!-- This site is optimized with the Yoast SEO Premium plugin v23.7 (Yoast SEO v27.2) - https:\/\/yoast.com\/product\/yoast-seo-premium-wordpress\/ -->\n<title>Como Anunciar no Site - 2 de Julho Not\u00edcias<\/title>\n<meta name=\"description\" content=\"2 de Julho Noticias - A not\u00edcia ao seu alcance: Politica, Policia,Esporte,Vida e Estilo, Sa\u00fade,Moda e Beleza,Mundo da Fama,Emprego e Concursos,Arte e Cultura, Educa\u00e7\u00e3o, Cidades, Bahia,Mundo, Brasil, e muito mais...\" \/>\n<meta name=\"robots\" content=\"index, follow, max-snippet:-1, max-image-preview:large, max-video-preview:-1\" \/>\n<link rel=\"canonical\" href=\"https:\/\/2dejulhonoticias.com.br\/2jn\/como-anunciar-no-site\/\" \/>\n<meta name=\"twitter:card\" content=\"summary_large_image\" \/>\n<meta name=\"twitter:title\" content=\"Como Anunciar no Site - 2 de Julho Not\u00edcias\" \/>\n<meta name=\"twitter:description\" content=\"2 de Julho Noticias - A not\u00edcia ao seu alcance: Politica, Policia,Esporte,Vida e Estilo, Sa\u00fade,Moda e Beleza,Mundo da Fama,Emprego e Concursos,Arte e Cultura, Educa\u00e7\u00e3o, Cidades, Bahia,Mundo, Brasil, e muito mais...\" \/>\n<meta name=\"twitter:site\" content=\"@2_julho\" \/>\n<meta name=\"twitter:label1\" content=\"Est. tempo de leitura\" \/>\n\t<meta name=\"twitter:data1\" content=\"1 minuto\" \/>\n<script type=\"application\/ld+json\" class=\"yoast-schema-graph\">{\"@context\":\"https:\/\/schema.org\",\"@graph\":[{\"@type\":\"WebPage\",\"@id\":\"https:\/\/2dejulhonoticias.com.br\/2jn\/como-anunciar-no-site\/\",\"url\":\"https:\/\/2dejulhonoticias.com.br\/2jn\/como-anunciar-no-site\/\",\"name\":\"Como Anunciar no Site - 2 de Julho Not\u00edcias\",\"isPartOf\":{\"@id\":\"https:\/\/2dejulhonoticias.com.br\/2jn\/#website\"},\"datePublished\":\"2020-11-26T21:00:14+00:00\",\"description\":\"2 de Julho Noticias - A not\u00edcia ao seu alcance: Politica, Policia,Esporte,Vida e Estilo, Sa\u00fade,Moda e Beleza,Mundo da Fama,Emprego e Concursos,Arte e Cultura, Educa\u00e7\u00e3o, Cidades, Bahia,Mundo, Brasil, e muito mais...\",\"breadcrumb\":{\"@id\":\"https:\/\/2dejulhonoticias.com.br\/2jn\/como-anunciar-no-site\/#breadcrumb\"},\"inLanguage\":\"pt-BR\",\"potentialAction\":[{\"@type\":\"ReadAction\",\"target\":[\"https:\/\/2dejulhonoticias.com.br\/2jn\/como-anunciar-no-site\/\"]}]},{\"@type\":\"BreadcrumbList\",\"@id\":\"https:\/\/2dejulhonoticias.com.br\/2jn\/como-anunciar-no-site\/#breadcrumb\",\"itemListElement\":[{\"@type\":\"ListItem\",\"position\":1,\"name\":\"In\u00edcio\",\"item\":\"https:\/\/2dejulhonoticias.com.br\/2jn\/\"},{\"@type\":\"ListItem\",\"position\":2,\"name\":\"Como Anunciar no Site\"}]},{\"@type\":\"WebSite\",\"@id\":\"https:\/\/2dejulhonoticias.com.br\/2jn\/#website\",\"url\":\"https:\/\/2dejulhonoticias.com.br\/2jn\/\",\"name\":\"2 de Julho Noticias - A not\u00edcia ao seu alcance\",\"description\":\"Noticias sobre Politica, Policia,Esporte,Vida e Estilo, Sa\u00fade,Moda e Beleza,Mundo da Fama,Emprego e Concursos,Arte e Cultura,Cama\u00e7ari\",\"publisher\":{\"@id\":\"https:\/\/2dejulhonoticias.com.br\/2jn\/#\/schema\/person\/a61e2ab9ae920711c9622c249b03dc16\"},\"potentialAction\":[{\"@type\":\"SearchAction\",\"target\":{\"@type\":\"EntryPoint\",\"urlTemplate\":\"https:\/\/2dejulhonoticias.com.br\/2jn\/?s={search_term_string}\"},\"query-input\":{\"@type\":\"PropertyValueSpecification\",\"valueRequired\":true,\"valueName\":\"search_term_string\"}}],\"inLanguage\":\"pt-BR\"},{\"@type\":[\"Person\",\"Organization\"],\"@id\":\"https:\/\/2dejulhonoticias.com.br\/2jn\/#\/schema\/person\/a61e2ab9ae920711c9622c249b03dc16\",\"name\":\"Reda\u00e7\u00e3o\",\"image\":{\"@type\":\"ImageObject\",\"inLanguage\":\"pt-BR\",\"@id\":\"https:\/\/2dejulhonoticias.com.br\/2jn\/wp-content\/uploads\/2020\/11\/logo2dejulho.png\",\"url\":\"https:\/\/2dejulhonoticias.com.br\/2jn\/wp-content\/uploads\/2020\/11\/logo2dejulho.png\",\"contentUrl\":\"https:\/\/2dejulhonoticias.com.br\/2jn\/wp-content\/uploads\/2020\/11\/logo2dejulho.png\",\"width\":291,\"height\":96,\"caption\":\"Reda\u00e7\u00e3o\"},\"logo\":{\"@id\":\"https:\/\/2dejulhonoticias.com.br\/2jn\/wp-content\/uploads\/2020\/11\/logo2dejulho.png\"},\"sameAs\":[\"https:\/\/www.facebook.com\/J2deJulho\",\"https:\/\/www.instagram.com\/mirobaia\/\",\"https:\/\/www.linkedin.com\/in\/mirobaia\/\",\"https:\/\/x.com\/2_julho\",\"https:\/\/www.youtube.com\/c\/MiroBaia\"]}]}<\/script>\n<!-- \/ Yoast SEO Premium plugin. -->","yoast_head_json":{"title":"Como Anunciar no Site - 2 de Julho Not\u00edcias","description":"2 de Julho Noticias - A not\u00edcia ao seu alcance: Politica, Policia,Esporte,Vida e Estilo, Sa\u00fade,Moda e Beleza,Mundo da Fama,Emprego e Concursos,Arte e Cultura, Educa\u00e7\u00e3o, Cidades, Bahia,Mundo, Brasil, e muito mais...","robots":{"index":"index","follow":"follow","max-snippet":"max-snippet:-1","max-image-preview":"max-image-preview:large","max-video-preview":"max-video-preview:-1"},"canonical":"https:\/\/2dejulhonoticias.com.br\/2jn\/como-anunciar-no-site\/","twitter_card":"summary_large_image","twitter_title":"Como Anunciar no Site - 2 de Julho Not\u00edcias","twitter_description":"2 de Julho Noticias - A not\u00edcia ao seu alcance: Politica, Policia,Esporte,Vida e Estilo, Sa\u00fade,Moda e Beleza,Mundo da Fama,Emprego e Concursos,Arte e Cultura, Educa\u00e7\u00e3o, Cidades, Bahia,Mundo, Brasil, e muito mais...","twitter_site":"@2_julho","twitter_misc":{"Est. tempo de leitura":"1 minuto"},"schema":{"@context":"https:\/\/schema.org","@graph":[{"@type":"WebPage","@id":"https:\/\/2dejulhonoticias.com.br\/2jn\/como-anunciar-no-site\/","url":"https:\/\/2dejulhonoticias.com.br\/2jn\/como-anunciar-no-site\/","name":"Como Anunciar no Site - 2 de Julho Not\u00edcias","isPartOf":{"@id":"https:\/\/2dejulhonoticias.com.br\/2jn\/#website"},"datePublished":"2020-11-26T21:00:14+00:00","description":"2 de Julho Noticias - A not\u00edcia ao seu alcance: Politica, Policia,Esporte,Vida e Estilo, Sa\u00fade,Moda e Beleza,Mundo da Fama,Emprego e Concursos,Arte e Cultura, Educa\u00e7\u00e3o, Cidades, Bahia,Mundo, Brasil, e muito mais...","breadcrumb":{"@id":"https:\/\/2dejulhonoticias.com.br\/2jn\/como-anunciar-no-site\/#breadcrumb"},"inLanguage":"pt-BR","potentialAction":[{"@type":"ReadAction","target":["https:\/\/2dejulhonoticias.com.br\/2jn\/como-anunciar-no-site\/"]}]},{"@type":"BreadcrumbList","@id":"https:\/\/2dejulhonoticias.com.br\/2jn\/como-anunciar-no-site\/#breadcrumb","itemListElement":[{"@type":"ListItem","position":1,"name":"In\u00edcio","item":"https:\/\/2dejulhonoticias.com.br\/2jn\/"},{"@type":"ListItem","position":2,"name":"Como Anunciar no Site"}]},{"@type":"WebSite","@id":"https:\/\/2dejulhonoticias.com.br\/2jn\/#website","url":"https:\/\/2dejulhonoticias.com.br\/2jn\/","name":"2 de Julho Noticias - A not\u00edcia ao seu alcance","description":"Noticias sobre Politica, Policia,Esporte,Vida e Estilo, Sa\u00fade,Moda e Beleza,Mundo da Fama,Emprego e Concursos,Arte e Cultura,Cama\u00e7ari","publisher":{"@id":"https:\/\/2dejulhonoticias.com.br\/2jn\/#\/schema\/person\/a61e2ab9ae920711c9622c249b03dc16"},"potentialAction":[{"@type":"SearchAction","target":{"@type":"EntryPoint","urlTemplate":"https:\/\/2dejulhonoticias.com.br\/2jn\/?s={search_term_string}"},"query-input":{"@type":"PropertyValueSpecification","valueRequired":true,"valueName":"search_term_string"}}],"inLanguage":"pt-BR"},{"@type":["Person","Organization"],"@id":"https:\/\/2dejulhonoticias.com.br\/2jn\/#\/schema\/person\/a61e2ab9ae920711c9622c249b03dc16","name":"Reda\u00e7\u00e3o","image":{"@type":"ImageObject","inLanguage":"pt-BR","@id":"https:\/\/2dejulhonoticias.com.br\/2jn\/wp-content\/uploads\/2020\/11\/logo2dejulho.png","url":"https:\/\/2dejulhonoticias.com.br\/2jn\/wp-content\/uploads\/2020\/11\/logo2dejulho.png","contentUrl":"https:\/\/2dejulhonoticias.com.br\/2jn\/wp-content\/uploads\/2020\/11\/logo2dejulho.png","width":291,"height":96,"caption":"Reda\u00e7\u00e3o"},"logo":{"@id":"https:\/\/2dejulhonoticias.com.br\/2jn\/wp-content\/uploads\/2020\/11\/logo2dejulho.png"},"sameAs":["https:\/\/www.facebook.com\/J2deJulho","https:\/\/www.instagram.com\/mirobaia\/","https:\/\/www.linkedin.com\/in\/mirobaia\/","https:\/\/x.com\/2_julho","https:\/\/www.youtube.com\/c\/MiroBaia"]}]}},"_links":{"self":[{"href":"https:\/\/2dejulhonoticias.com.br\/2jn\/wp-json\/wp\/v2\/pages\/3305","targetHints":{"allow":["GET"]}}],"collection":[{"href":"https:\/\/2dejulhonoticias.com.br\/2jn\/wp-json\/wp\/v2\/pages"}],"about":[{"href":"https:\/\/2dejulhonoticias.com.br\/2jn\/wp-json\/wp\/v2\/types\/page"}],"author":[{"embeddable":true,"href":"https:\/\/2dejulhonoticias.com.br\/2jn\/wp-json\/wp\/v2\/users\/1"}],"replies":[{"embeddable":true,"href":"https:\/\/2dejulhonoticias.com.br\/2jn\/wp-json\/wp\/v2\/comments?post=3305"}],"version-history":[{"count":0,"href":"https:\/\/2dejulhonoticias.com.br\/2jn\/wp-json\/wp\/v2\/pages\/3305\/revisions"}],"wp:attachment":[{"href":"https:\/\/2dejulhonoticias.com.br\/2jn\/wp-json\/wp\/v2\/media?parent=3305"}],"curies":[{"name":"wp","href":"https:\/\/api.w.org\/{rel}","templated":true}]}}